{"id":9901,"date":"2023-12-24T12:39:13","date_gmt":"2023-12-24T12:39:13","guid":{"rendered":"https:\/\/globestonehills-com-223837.hostingersite.com\/?page_id=9901"},"modified":"2025-05-21T09:49:28","modified_gmt":"2025-05-21T09:49:28","slug":"contact","status":"publish","type":"page","link":"https:\/\/globestonehills.com\/fr\/contact\/","title":{"rendered":"Contact"},"content":{"rendered":"\t\t<div data-elementor-type=\"wp-page\" data-elementor-id=\"9901\" class=\"elementor elementor-9901\">\n\t\t\t\t\t\t\t<div class=\"elementor-element elementor-element-5277d1f e-con-full e-flex e-con e-parent\" data-id=\"5277d1f\" data-element_type=\"container\" data-settings=\"{&quot;content_width&quot;:&quot;full&quot;,&quot;background_background&quot;:&quot;classic&quot;}\" data-core-v316-plus=\"true\">\n\t\t\t\t<div class=\"elementor-element elementor-element-3a23aee elementor-widget elementor-widget-auntri_elementor_header_banner_2\" data-id=\"3a23aee\" data-element_type=\"widget\" data-widget_type=\"auntri_elementor_header_banner_2.default\">\n\t\t\t\t<div class=\"elementor-widget-container\">\n\t\t\t\t\t \t<!-- Display when you choose background per Post -->\n\t\t \t<div class=\"wrap_header_banner-2  center \"  >\n\n\t\t \t\t\t\t\t \t\n\t\t\t\t \t<div class=\"cover_color\"><\/div>\n\n\t\t\t\t\t<div class=\"header_banner_el \">\n\t\t\t\t\t\t\n\t\t\t\t\t\t\t\t\t\t\t\t\t<div class=\"title-box\">\n\t\t\t\t\t\t\t\t\n\t\t\t\t\t\t\t\t\t\t\t\t\t\t\t\t<h1 class=\" header_title\">\n\t\t\t\t\t\t\t\t\t\t\t\t\t\t\t\t\t<\/h1>\n\t\t\t\t\t\t\t<\/div>\n\t\t\t\t\t\t\n\n\t\t\t\t\t\t\t\t\t\t\t\t\t<div class=\"header_breadcrumbs\">\n\t\t\t\t\t\t\t\t<div class=\"bg-breadcumb \"><\/div>\n\t\t\t\t\t\t\t\t<div id=\"breadcrumbs\"><ul class=\"breadcrumb\"><li><a href=\"https:\/\/globestonehills.com\/fr\/\" title=\"Home\">Home<\/a><\/li> <li class=\"li_separator\"><span class=\"separator\"><i class=\"ovaicon-next\"><\/i><\/span><\/li><li>Page<\/li><\/ul><\/div>\n\t\t\t\t\t\t\t<\/div>\n\t\t\t\t\t\t\n\t\t\t\t\t<\/div>\n\n\t\t\t\t\n\t\t\t<\/div>\n\t\t\t\t<\/div>\n\t\t\t\t<\/div>\n\t\t\t\t<\/div>\n\t\t\t\t<section class=\"elementor-section elementor-top-section elementor-element elementor-element-ea5132c elementor-section-boxed elementor-section-height-default elementor-section-height-default\" data-id=\"ea5132c\" data-element_type=\"section\">\n\t\t\t\t\t\t<div class=\"elementor-container elementor-column-gap-no\">\n\t\t\t\t\t<div class=\"elementor-column elementor-col-33 elementor-top-column elementor-element elementor-element-7e7aee4\" data-id=\"7e7aee4\" data-element_type=\"column\">\n\t\t\t<div class=\"elementor-widget-wrap elementor-element-populated\">\n\t\t\t\t\t\t\t\t<div class=\"elementor-element elementor-element-ad7b371 elementor-widget elementor-widget-auntri_elementor_contact_info_box\" data-id=\"ad7b371\" data-element_type=\"widget\" data-widget_type=\"auntri_elementor_contact_info_box.default\">\n\t\t\t\t<div class=\"elementor-widget-container\">\n\t\t\t\t\t\t<div class=\"ova-contact-info-box \">\n\t\t\t\t\n\t\t\t\t\t\t\t\t\t\t\t<div class=\"icon\">\n\t\t\t\t   \t\t\t<i aria-hidden=\"true\" class=\"flaticon flaticon-contact\"><\/i>\t\t\t\t   \t\t<\/div>\n\t\t\t   \t\t\t\t\t\t\n\t\t\t\t<div class=\"contact\">\n\t\t\t\t\t\n\t\t\t\t\t\t\t\t\t\t\t<div class=\"label\">\n\t\t\t\t\t\t\tContact\t\t\t\t\t\t<\/div>\n\t\t\t\t\t\n\t\t\t\t\t<ul class=\"info\">\n\t\t\t\t\t\t\n\t\t\t\t\t\t\t\t<li class=\"item\">\n\n\t\t\t\t\t\t\t\t\t\t\t\t\t\t\t\t\t\t\t\t\t<a href=\"mailto:info@globestonehills.com \">\n\t\t\t\t\t\t\t\t\t\t\t\t\tsales@globestonehills.com\t\t\t\t\t\t\t\t\t\t\t\t<\/a>\n\t\t\t\t\t\t\t\t\t\t\t\t\t\t\t\t\t\t\t<\/li>\n\t\t\t\t\t\t\t\n\t\t\t\t\t\t\n\t\t\t\t\t\t\t\t<li class=\"item\">\n\n\t\t\t\t\t\t\t\t\t\t\t\t\t\t\t\t\t\t\t\t\t<a href=\"mailto:info@globestonehills.com \">\n\t\t\t\t\t\t\t\t\t\t\t\t\tinfo@globestonehills.com\t\t\t\t\t\t\t\t\t\t\t\t<\/a>\n\t\t\t\t\t\t\t\t\t\t\t\t\t\t\t\t\t\t\t<\/li>\n\t\t\t\t\t\t\t\n\t\t\t\t\t\t\t\t\t\t\t<\/ul>\n\n\t\t\t\t<\/div>\n\t\t\t\t<div class=\"contact-btn\">\n\t\t\t\t\t<div class=\"button-mask\"><\/div>\n\t\t\t\t\t\n\t\t\t\t\t\t\t<a class=\"btn btn-contact\" href=\"#contact-red\" target=\"_blank\">\n\t\t\t\t\t\t\t\t<span class=\"text\">\n\t\t\t\t\t\t\t\t\tContact \n\t\t\t\t\t\t\t\t<\/span>\n\t\t\t\t\t\t\t<\/a>\n\t\t\t\t\t\t\t\n\t\t\t\t\t\n\t\t\t\t<\/div>\n\t\t\t<\/div>\n\n\t\t\t\t<\/div>\n\t\t\t\t<\/div>\n\t\t\t\t\t<\/div>\n\t\t<\/div>\n\t\t\t\t<div class=\"elementor-column elementor-col-33 elementor-top-column elementor-element elementor-element-ee7b630\" data-id=\"ee7b630\" data-element_type=\"column\">\n\t\t\t<div class=\"elementor-widget-wrap elementor-element-populated\">\n\t\t\t\t\t\t\t\t<div class=\"elementor-element elementor-element-cb7f984 elementor-widget elementor-widget-auntri_elementor_contact_info_box\" data-id=\"cb7f984\" data-element_type=\"widget\" data-widget_type=\"auntri_elementor_contact_info_box.default\">\n\t\t\t\t<div class=\"elementor-widget-container\">\n\t\t\t\t\t\t<div class=\"ova-contact-info-box \">\n\t\t\t\t\n\t\t\t\t\t\t\t\t\t\t\t<div class=\"icon\">\n\t\t\t\t   \t\t\t<i aria-hidden=\"true\" class=\"flaticon flaticon-contact\"><\/i>\t\t\t\t   \t\t<\/div>\n\t\t\t   \t\t\t\t\t\t\n\t\t\t\t<div class=\"contact\">\n\t\t\t\t\t\n\t\t\t\t\t\t\t\t\t\t\t<div class=\"label\">\n\t\t\t\t\t\t\tContact\t\t\t\t\t\t<\/div>\n\t\t\t\t\t\n\t\t\t\t\t<ul class=\"info\">\n\t\t\t\t\t\t\n\t\t\t\t\t\t\t\t<li class=\"item\">\n\n\t\t\t\t\t\t\t\t\t\t\t\t\t\t\t\t\t\t\t\t\t<a href=\"tel:+201122002931 \">\n\t\t\t\t\t\t\t\t\t\t\t\t\t+2 01024869002\t\t\t\t\t\t\t\t\t\t\t\t<\/a>\n\t\t\t\t\t\t\t\t\t\t\t\t\t\t\t\t\t\t\t<\/li>\n\t\t\t\t\t\t\t\n\t\t\t\t\t\t\n\t\t\t\t\t\t\t\t<li class=\"item\">\n\n\t\t\t\t\t\t\t\t\t\t\t\t\t\t\t\t\t\t\t\t\t<a href=\"tel:+201122002931 \">\n\t\t\t\t\t\t\t\t\t\t\t\t\t+2 01122002931\t\t\t\t\t\t\t\t\t\t\t\t<\/a>\n\t\t\t\t\t\t\t\t\t\t\t\t\t\t\t\t\t\t\t<\/li>\n\t\t\t\t\t\t\t\n\t\t\t\t\t\t\n\t\t\t\t\t\t\t\t<li class=\"item\">\n\n\t\t\t\t\t\t\t\t\t\t\t\t\t\t\t\t\t\t\t\t\t<a href=\"tel:+201555500451 \">\n\t\t\t\t\t\t\t\t\t\t\t\t\t+20 1555500451\t\t\t\t\t\t\t\t\t\t\t\t<\/a>\n\t\t\t\t\t\t\t\t\t\t\t\t\t\t\t\t\t\t\t<\/li>\n\t\t\t\t\t\t\t\n\t\t\t\t\t\t\n\t\t\t\t\t\t\t\t<li class=\"item\">\n\n\t\t\t\t\t\t\t\t\t\t\t\t\t\t\t\t\t\t\t\t\t<a href=\"tel:+20862790218 \">\n\t\t\t\t\t\t\t\t\t\t\t\t\t+2 086 2790218\t\t\t\t\t\t\t\t\t\t\t\t<\/a>\n\t\t\t\t\t\t\t\t\t\t\t\t\t\t\t\t\t\t\t<\/li>\n\t\t\t\t\t\t\t\n\t\t\t\t\t\t\t\t\t\t\t<\/ul>\n\n\t\t\t\t<\/div>\n\t\t\t\t<div class=\"contact-btn\">\n\t\t\t\t\t<div class=\"button-mask\"><\/div>\n\t\t\t\t\t\n\t\t\t\t\t\t\t<a class=\"btn btn-contact\" href=\"#contact-red\" target=\"_blank\">\n\t\t\t\t\t\t\t\t<span class=\"text\">\n\t\t\t\t\t\t\t\t\tContact \n\t\t\t\t\t\t\t\t<\/span>\n\t\t\t\t\t\t\t<\/a>\n\t\t\t\t\t\t\t\n\t\t\t\t\t\n\t\t\t\t<\/div>\n\t\t\t<\/div>\n\n\t\t\t\t<\/div>\n\t\t\t\t<\/div>\n\t\t\t\t\t<\/div>\n\t\t<\/div>\n\t\t\t\t<div class=\"elementor-column elementor-col-33 elementor-top-column elementor-element elementor-element-95357e3\" data-id=\"95357e3\" data-element_type=\"column\">\n\t\t\t<div class=\"elementor-widget-wrap elementor-element-populated\">\n\t\t\t\t\t\t\t\t<div class=\"elementor-element elementor-element-b378b68 elementor-widget elementor-widget-auntri_elementor_contact_info_box\" data-id=\"b378b68\" data-element_type=\"widget\" data-widget_type=\"auntri_elementor_contact_info_box.default\">\n\t\t\t\t<div class=\"elementor-widget-container\">\n\t\t\t\t\t\t<div class=\"ova-contact-info-box \">\n\t\t\t\t\n\t\t\t\t\t\t\t\t\t\t\t<div class=\"icon\">\n\t\t\t\t   \t\t\t<i aria-hidden=\"true\" class=\"flaticon flaticon-location-1\"><\/i>\t\t\t\t   \t\t<\/div>\n\t\t\t   \t\t\t\t\t\t\n\t\t\t\t<div class=\"contact\">\n\t\t\t\t\t\n\t\t\t\t\t\t\t\t\t\t\t<div class=\"label\">\n\t\t\t\t\t\t\tAdresse\t\t\t\t\t\t<\/div>\n\t\t\t\t\t\n\t\t\t\t\t<ul class=\"info\">\n\t\t\t\t\t\t\n\t\t\t\t\t\t\t\t<li class=\"item\">\n\n\t\t\t\t\t\t\t\t\t<a href=\"https:\/\/maps.app.goo.gl\/3iku7vVP5BKJ29gH6\" target=\"_blank\">Minya, \u00e0 l'est du Nil, b\u00e2timent I-City, devant le parc du 25 janvier<\/a>\t\t\t\t\t\t\t\t<\/li>\n\t\t\t\t\t\t\t\n\t\t\t\t\t\t\t\t\t\t\t<\/ul>\n\n\t\t\t\t<\/div>\n\t\t\t\t<div class=\"contact-btn\">\n\t\t\t\t\t<div class=\"button-mask\"><\/div>\n\t\t\t\t\t\n\t\t\t\t\t\t\t<a class=\"btn btn-contact\" href=\"https:\/\/maps.app.goo.gl\/3iku7vVP5BKJ29gH6\" target=\"_blank\">\n\t\t\t\t\t\t\t\t<span class=\"text\">\n\t\t\t\t\t\t\t\t\tplus \n\t\t\t\t\t\t\t\t<\/span>\n\t\t\t\t\t\t\t<\/a>\n\t\t\t\t\t\t\t\n\t\t\t\t\t\n\t\t\t\t<\/div>\n\t\t\t<\/div>\n\n\t\t\t\t<\/div>\n\t\t\t\t<\/div>\n\t\t\t\t\t<\/div>\n\t\t<\/div>\n\t\t\t\t\t\t\t<\/div>\n\t\t<\/section>\n\t\t\t\t<section class=\"elementor-section elementor-top-section elementor-element elementor-element-3b76bc1 elementor-hidden-desktop elementor-hidden-tablet elementor-hidden-mobile elementor-section-boxed elementor-section-height-default elementor-section-height-default\" data-id=\"3b76bc1\" data-element_type=\"section\">\n\t\t\t\t\t\t\t<div class=\"elementor-background-overlay\"><\/div>\n\t\t\t\t\t\t\t<div class=\"elementor-container elementor-column-gap-no\">\n\t\t\t\t\t<div class=\"elementor-column elementor-col-100 elementor-top-column elementor-element elementor-element-2d7f9f1\" data-id=\"2d7f9f1\" data-element_type=\"column\">\n\t\t\t<div class=\"elementor-widget-wrap elementor-element-populated\">\n\t\t\t\t\t\t\t\t<div class=\"elementor-element elementor-element-e5f84ec elementor-widget elementor-widget-auntri_elementor_heading\" data-id=\"e5f84ec\" data-element_type=\"widget\" data-widget_type=\"auntri_elementor_heading.default\">\n\t\t\t\t<div class=\"elementor-widget-container\">\n\t\t\t\n\t\t<div class=\"ova-title\">\n\n\t\t\t\t\t\t\t<h3 class=\"sub-title\">En contact avec nous<\/h3>\n\t\t\t\n\t\t\t\t\t\t\t\n\t\t\t\t\t\t\t\t\t<div class=\"box-title\">\n\t\t\t\t\t\t<div class=\"line-top\"><\/div>\n\t\t\t\t\n\t\t\t\t\t\n\t\t\t\t\t\t<h2 class=\"title\">Contactez l'\u00e9quipe de Globe\n Stone Hills<\/h2>\n\n\t\t\t\t\t\n\t\t\t\t\t\t\t\t\t<\/div>\n\t\t\t\t\n\t\t\t\n\t\t\t\n\t\t<\/div>\n\t\t \t\n\t\t\t\t<\/div>\n\t\t\t\t<\/div>\n\t\t\t\t<div class=\"elementor-element elementor-element-8376fd5 con-form elementor-widget elementor-widget-shortcode\" data-id=\"8376fd5\" data-element_type=\"widget\" id=\"contact-red\" data-widget_type=\"shortcode.default\">\n\t\t\t\t<div class=\"elementor-widget-container\">\n\t\t\t\t\t<div class=\"elementor-shortcode\">\n<div class=\"wpcf7 no-js\" id=\"wpcf7-f10379-o1\" lang=\"en-US\" dir=\"ltr\" data-wpcf7-id=\"10379\">\n<div class=\"screen-reader-response\"><p role=\"status\" aria-live=\"polite\" aria-atomic=\"true\"><\/p> <ul><\/ul><\/div>\n<form action=\"\/fr\/wp-json\/wp\/v2\/pages\/9901#wpcf7-f10379-o1\" method=\"post\" class=\"wpcf7-form init\" aria-label=\"Contact form\" novalidate=\"novalidate\" data-status=\"init\">\n<fieldset class=\"hidden-fields-container\"><input type=\"hidden\" name=\"_wpcf7\" value=\"10379\" \/><input type=\"hidden\" name=\"_wpcf7_version\" value=\"6.1.5\" \/><input type=\"hidden\" name=\"_wpcf7_locale\" value=\"en_US\" \/><input type=\"hidden\" name=\"_wpcf7_unit_tag\" value=\"wpcf7-f10379-o1\" \/><input type=\"hidden\" name=\"_wpcf7_container_post\" value=\"0\" \/><input type=\"hidden\" name=\"_wpcf7_posted_data_hash\" value=\"\" \/>\n<\/fieldset>\n<div class=\"ova-wpcf7 ova-contact-page\">\n\t<div class=\"text-email\">\n\t\t<div class=\"ova-text\">\n\t\t\t<p><span class=\"wpcf7-form-control-wrap\" data-name=\"your-name\"><input size=\"40\" maxlength=\"400\" class=\"wpcf7-form-control wpcf7-text wpcf7-validates-as-required name\" aria-required=\"true\" aria-invalid=\"false\" placeholder=\"Nom\" value=\"\" type=\"text\" name=\"your-name\" \/><\/span>\n\t\t\t<\/p>\n\t\t<\/div>\n\t\t<div class=\"ova-email\">\n\t\t\t<p><span class=\"wpcf7-form-control-wrap\" data-name=\"entreprise\"><input size=\"40\" maxlength=\"400\" class=\"wpcf7-form-control wpcf7-text wpcf7-validates-as-required\" aria-required=\"true\" aria-invalid=\"false\" placeholder=\"Entreprise\" value=\"\" type=\"text\" name=\"entreprise\" \/><\/span>\n\t\t\t<\/p>\n\t\t<\/div>\n\t<\/div>\n\t<div class=\"text-email\">\n\t\t<div class=\"ova-text\">\n\t\t\t<p><span class=\"wpcf7-form-control-wrap\" data-name=\"tel-643\"><input size=\"40\" maxlength=\"400\" class=\"wpcf7-form-control wpcf7-tel wpcf7-validates-as-required wpcf7-text wpcf7-validates-as-tel\" aria-required=\"true\" aria-invalid=\"false\" placeholder=\"t\u00e9l\u00e9phone\" value=\"\" type=\"tel\" name=\"tel-643\" \/><\/span>\n\t\t\t<\/p>\n\t\t<\/div>\n\t\t<div class=\"ova-email\">\n\t\t\t<p><i class=\"flaticon flaticon-mail\"><\/i><span class=\"wpcf7-form-control-wrap\" data-name=\"your-email\"><input size=\"40\" maxlength=\"400\" class=\"wpcf7-form-control wpcf7-email wpcf7-validates-as-required wpcf7-text wpcf7-validates-as-email email\" aria-required=\"true\" aria-invalid=\"false\" placeholder=\"Adresse e-mail\" value=\"\" type=\"email\" name=\"your-email\" \/><\/span>\n\t\t\t<\/p>\n\t\t<\/div>\n\t<\/div>\n\t<div class=\"ova-textarea\">\n\t\t<p><span class=\"wpcf7-form-control-wrap\" data-name=\"your-message\"><textarea cols=\"40\" rows=\"10\" maxlength=\"2000\" class=\"wpcf7-form-control wpcf7-textarea comment\" aria-invalid=\"false\" placeholder=\"\u00c9crire un message\" name=\"your-message\"><\/textarea><\/span>\n\t\t<\/p>\n\t<\/div>\n\t<div class=\"ova-submit ova-contact-submit\">\n\t\t<p><button type=\"submit\" class=\"wpcf7-form-control has-spinner wpcf7-submit\"><span>Envoyer un message<\/span><\/button>\n\t\t<\/p>\n\t<\/div>\n<\/div><div class=\"wpcf7-response-output\" aria-hidden=\"true\"><\/div>\n<\/form>\n<\/div>\n<\/div>\n\t\t\t\t<\/div>\n\t\t\t\t<\/div>\n\t\t\t\t\t<\/div>\n\t\t<\/div>\n\t\t\t\t\t\t\t<\/div>\n\t\t<\/section>\n\t\t\t\t<section class=\"elementor-section elementor-top-section elementor-element elementor-element-be316ea elementor-section-full_width elementor-section-height-default elementor-section-height-default\" data-id=\"be316ea\" data-element_type=\"section\">\n\t\t\t\t\t\t<div class=\"elementor-container elementor-column-gap-no\">\n\t\t\t\t\t<div class=\"elementor-column elementor-col-100 elementor-top-column elementor-element elementor-element-e4247d5\" data-id=\"e4247d5\" data-element_type=\"column\">\n\t\t\t<div class=\"elementor-widget-wrap elementor-element-populated\">\n\t\t\t\t\t\t\t\t<div class=\"elementor-element elementor-element-3d90ed9 elementor-widget elementor-widget-google_maps\" data-id=\"3d90ed9\" data-element_type=\"widget\" data-widget_type=\"google_maps.default\">\n\t\t\t\t<div class=\"elementor-widget-container\">\n\t\t\t<style>\/*! elementor - v3.18.0 - 04-12-2023 *\/\n.elementor-widget-google_maps .elementor-widget-container{overflow:hidden}.elementor-widget-google_maps .elementor-custom-embed{line-height:0}.elementor-widget-google_maps iframe{height:300px}<\/style>\t\t<div class=\"elementor-custom-embed\">\n\t\t\t<iframe\n\t\t\t\t\tdata-src=\"https:\/\/maps.google.com\/maps?q=%D8%AC%D9%84%D9%88%D8%A8%20%D8%B3%D8%AA%D9%88%D9%86%20%D9%87%D9%8A%D9%84%D8%B2%20Globe%20Stone%20Hills&#038;t=m&#038;z=13&#038;output=embed&#038;iwloc=near\"\n\t\t\t\t\ttitle=\"\u062c\u0644\u0648\u0628 \u0633\u062a\u0648\u0646 \u0647\u064a\u0644\u0632 Globe Stone Hills\"\n\t\t\t\t\taria-label=\"\u062c\u0644\u0648\u0628 \u0633\u062a\u0648\u0646 \u0647\u064a\u0644\u0632 Globe Stone Hills\"\n\t\t\t src=\"data:image\/svg+xml;base64,PHN2ZyB3aWR0aD0iMSIgaGVpZ2h0PSIxIiB4bWxucz0iaHR0cDovL3d3dy53My5vcmcvMjAwMC9zdmciPjwvc3ZnPg==\" class=\"lazyload\" data-load-mode=\"1\"><\/iframe>\n\t\t<\/div>\n\t\t\t\t<\/div>\n\t\t\t\t<\/div>\n\t\t\t\t\t<\/div>\n\t\t<\/div>\n\t\t\t\t\t\t\t<\/div>\n\t\t<\/section>\n\t\t\t\t\t\t\t<\/div>\n\t\t","protected":false},"excerpt":{"rendered":"<p>Home Page Contact sales@globestonehills.com info@globestonehills.com Contact Contact +2 01024869002 +2 01122002931 +20 1555500451 +2 086 2790218 Contact Adresse Minya, \u00e0 l&rsquo;est du Nil, b\u00e2timent I-City, devant le parc du 25 janvier plus En contact avec nous Contactez l&rsquo;\u00e9quipe de Globe Stone Hills<\/p>\n","protected":false},"author":1,"featured_media":0,"parent":0,"menu_order":0,"comment_status":"closed","ping_status":"closed","template":"elementor_header_footer","meta":{"footnotes":""},"class_list":["post-9901","page","type-page","status-publish","hentry"],"yoast_head":"<!-- This site is optimized with the Yoast SEO plugin v25.1 - https:\/\/yoast.com\/wordpress\/plugins\/seo\/ -->\n<title>Contact - Globe Stone Hills<\/title>\n<meta name=\"robots\" content=\"index, follow, max-snippet:-1, max-image-preview:large, max-video-preview:-1\" \/>\n<link rel=\"canonical\" href=\"https:\/\/globestonehills.com\/fr\/contact\/\" \/>\n<meta property=\"og:locale\" content=\"fr_FR\" \/>\n<meta property=\"og:type\" content=\"article\" \/>\n<meta property=\"og:title\" content=\"Contact - Globe Stone Hills\" \/>\n<meta property=\"og:description\" content=\"Home Page Contact sales@globestonehills.com info@globestonehills.com Contact Contact +2 01024869002 +2 01122002931 +20 1555500451 +2 086 2790218 Contact Adresse Minya, \u00e0 l&rsquo;est du Nil, b\u00e2timent I-City, devant le parc du 25 janvier plus En contact avec nous Contactez l&rsquo;\u00e9quipe de Globe Stone Hills\" \/>\n<meta property=\"og:url\" content=\"https:\/\/globestonehills.com\/fr\/contact\/\" \/>\n<meta property=\"og:site_name\" content=\"Globe Stone Hills\" \/>\n<meta property=\"article:modified_time\" content=\"2025-05-21T09:49:28+00:00\" \/>\n<meta name=\"twitter:card\" content=\"summary_large_image\" \/>\n<meta name=\"twitter:label1\" content=\"Dur\u00e9e de lecture estim\u00e9e\" \/>\n\t<meta name=\"twitter:data1\" content=\"1 minute\" \/>\n<script type=\"application\/ld+json\" class=\"yoast-schema-graph\">{\"@context\":\"https:\/\/schema.org\",\"@graph\":[{\"@type\":\"WebPage\",\"@id\":\"https:\/\/globestonehills.com\/fr\/contact\/\",\"url\":\"https:\/\/globestonehills.com\/fr\/contact\/\",\"name\":\"Contact - Globe Stone Hills\",\"isPartOf\":{\"@id\":\"https:\/\/globestonehills.com\/en\/#website\"},\"datePublished\":\"2023-12-24T12:39:13+00:00\",\"dateModified\":\"2025-05-21T09:49:28+00:00\",\"breadcrumb\":{\"@id\":\"https:\/\/globestonehills.com\/fr\/contact\/#breadcrumb\"},\"inLanguage\":\"fr-FR\",\"potentialAction\":[{\"@type\":\"ReadAction\",\"target\":[\"https:\/\/globestonehills.com\/fr\/contact\/\"]}]},{\"@type\":\"BreadcrumbList\",\"@id\":\"https:\/\/globestonehills.com\/fr\/contact\/#breadcrumb\",\"itemListElement\":[{\"@type\":\"ListItem\",\"position\":1,\"name\":\"Home\",\"item\":\"https:\/\/globestonehills.com\/fr\/\"},{\"@type\":\"ListItem\",\"position\":2,\"name\":\"Contact\"}]},{\"@type\":\"WebSite\",\"@id\":\"https:\/\/globestonehills.com\/en\/#website\",\"url\":\"https:\/\/globestonehills.com\/en\/\",\"name\":\"Globe Stone Hills\",\"description\":\"the largest industrial and commercial grouping for the product of calcium carbonate\",\"publisher\":{\"@id\":\"https:\/\/globestonehills.com\/en\/#organization\"},\"alternateName\":\"GSH\",\"potentialAction\":[{\"@type\":\"SearchAction\",\"target\":{\"@type\":\"EntryPoint\",\"urlTemplate\":\"https:\/\/globestonehills.com\/en\/?s={search_term_string}\"},\"query-input\":{\"@type\":\"PropertyValueSpecification\",\"valueRequired\":true,\"valueName\":\"search_term_string\"}}],\"inLanguage\":\"fr-FR\"},{\"@type\":\"Organization\",\"@id\":\"https:\/\/globestonehills.com\/en\/#organization\",\"name\":\"Globe Stone Hills\",\"alternateName\":\"GSH\",\"url\":\"https:\/\/globestonehills.com\/en\/\",\"logo\":{\"@type\":\"ImageObject\",\"inLanguage\":\"fr-FR\",\"@id\":\"https:\/\/globestonehills.com\/en\/#\/schema\/logo\/image\/\",\"url\":\"https:\/\/globestonehills.com\/wp-content\/uploads\/2023\/12\/header-Logo.png\",\"contentUrl\":\"https:\/\/globestonehills.com\/wp-content\/uploads\/2023\/12\/header-Logo.png\",\"width\":136,\"height\":116,\"caption\":\"Globe Stone Hills\"},\"image\":{\"@id\":\"https:\/\/globestonehills.com\/en\/#\/schema\/logo\/image\/\"}}]}<\/script>\n<!-- \/ Yoast SEO plugin. -->","yoast_head_json":{"title":"Contact - Globe Stone Hills","robots":{"index":"index","follow":"follow","max-snippet":"max-snippet:-1","max-image-preview":"max-image-preview:large","max-video-preview":"max-video-preview:-1"},"canonical":"https:\/\/globestonehills.com\/fr\/contact\/","og_locale":"fr_FR","og_type":"article","og_title":"Contact - Globe Stone Hills","og_description":"Home Page Contact sales@globestonehills.com info@globestonehills.com Contact Contact +2 01024869002 +2 01122002931 +20 1555500451 +2 086 2790218 Contact Adresse Minya, \u00e0 l&rsquo;est du Nil, b\u00e2timent I-City, devant le parc du 25 janvier plus En contact avec nous Contactez l&rsquo;\u00e9quipe de Globe Stone Hills","og_url":"https:\/\/globestonehills.com\/fr\/contact\/","og_site_name":"Globe Stone Hills","article_modified_time":"2025-05-21T09:49:28+00:00","twitter_card":"summary_large_image","twitter_misc":{"Dur\u00e9e de lecture estim\u00e9e":"1 minute"},"schema":{"@context":"https:\/\/schema.org","@graph":[{"@type":"WebPage","@id":"https:\/\/globestonehills.com\/fr\/contact\/","url":"https:\/\/globestonehills.com\/fr\/contact\/","name":"Contact - Globe Stone Hills","isPartOf":{"@id":"https:\/\/globestonehills.com\/en\/#website"},"datePublished":"2023-12-24T12:39:13+00:00","dateModified":"2025-05-21T09:49:28+00:00","breadcrumb":{"@id":"https:\/\/globestonehills.com\/fr\/contact\/#breadcrumb"},"inLanguage":"fr-FR","potentialAction":[{"@type":"ReadAction","target":["https:\/\/globestonehills.com\/fr\/contact\/"]}]},{"@type":"BreadcrumbList","@id":"https:\/\/globestonehills.com\/fr\/contact\/#breadcrumb","itemListElement":[{"@type":"ListItem","position":1,"name":"Home","item":"https:\/\/globestonehills.com\/fr\/"},{"@type":"ListItem","position":2,"name":"Contact"}]},{"@type":"WebSite","@id":"https:\/\/globestonehills.com\/en\/#website","url":"https:\/\/globestonehills.com\/en\/","name":"Globe Stone Hills","description":"the largest industrial and commercial grouping for the product of calcium carbonate","publisher":{"@id":"https:\/\/globestonehills.com\/en\/#organization"},"alternateName":"GSH","potentialAction":[{"@type":"SearchAction","target":{"@type":"EntryPoint","urlTemplate":"https:\/\/globestonehills.com\/en\/?s={search_term_string}"},"query-input":{"@type":"PropertyValueSpecification","valueRequired":true,"valueName":"search_term_string"}}],"inLanguage":"fr-FR"},{"@type":"Organization","@id":"https:\/\/globestonehills.com\/en\/#organization","name":"Globe Stone Hills","alternateName":"GSH","url":"https:\/\/globestonehills.com\/en\/","logo":{"@type":"ImageObject","inLanguage":"fr-FR","@id":"https:\/\/globestonehills.com\/en\/#\/schema\/logo\/image\/","url":"https:\/\/globestonehills.com\/wp-content\/uploads\/2023\/12\/header-Logo.png","contentUrl":"https:\/\/globestonehills.com\/wp-content\/uploads\/2023\/12\/header-Logo.png","width":136,"height":116,"caption":"Globe Stone Hills"},"image":{"@id":"https:\/\/globestonehills.com\/en\/#\/schema\/logo\/image\/"}}]}},"_links":{"self":[{"href":"https:\/\/globestonehills.com\/fr\/wp-json\/wp\/v2\/pages\/9901","targetHints":{"allow":["GET"]}}],"collection":[{"href":"https:\/\/globestonehills.com\/fr\/wp-json\/wp\/v2\/pages"}],"about":[{"href":"https:\/\/globestonehills.com\/fr\/wp-json\/wp\/v2\/types\/page"}],"author":[{"embeddable":true,"href":"https:\/\/globestonehills.com\/fr\/wp-json\/wp\/v2\/users\/1"}],"replies":[{"embeddable":true,"href":"https:\/\/globestonehills.com\/fr\/wp-json\/wp\/v2\/comments?post=9901"}],"version-history":[{"count":22,"href":"https:\/\/globestonehills.com\/fr\/wp-json\/wp\/v2\/pages\/9901\/revisions"}],"predecessor-version":[{"id":12668,"href":"https:\/\/globestonehills.com\/fr\/wp-json\/wp\/v2\/pages\/9901\/revisions\/12668"}],"wp:attachment":[{"href":"https:\/\/globestonehills.com\/fr\/wp-json\/wp\/v2\/media?parent=9901"}],"curies":[{"name":"wp","href":"https:\/\/api.w.org\/{rel}","templated":true}]}}